{"id":2282,"date":"2024-02-10T16:13:36","date_gmt":"2024-02-10T16:13:36","guid":{"rendered":"https:\/\/promo-theme.com\/weddphy\/?page_id=2282"},"modified":"2024-04-03T13:33:40","modified_gmt":"2024-04-03T19:33:40","slug":"booking","status":"publish","type":"page","link":"https:\/\/weddingvallarta.com\/es\/booking\/","title":{"rendered":"Reservar"},"content":{"rendered":"<div data-elementor-type=\"wp-page\" data-elementor-id=\"2282\" class=\"elementor elementor-2282\" data-elementor-post-type=\"page\">\n\t\t\t\t<div class=\"elementor-element elementor-element-272ae8a e-flex e-con-boxed e-con e-parent\" data-id=\"272ae8a\" data-element_type=\"container\" data-settings=\"{&quot;background_background&quot;:&quot;classic&quot;}\">\n\t\t\t\t\t<div class=\"e-con-inner\">\n\t\t\t\t<div class=\"elementor-element elementor-element-3d38a11 elementor-widget elementor-widget-pt-heading\" data-id=\"3d38a11\" data-element_type=\"widget\" data-widget_type=\"pt-heading.default\">\n\t\t\t\t<div class=\"elementor-widget-container\">\n\t\t\t\n\t\t<div class=\"pt-heading text-align-center\">\n\t\t\t\n\t\t\t\t\t\t\t<h1 class=\"pt-heading-title h1\">\n\t\t\t\t\tReservar\t\t\t\t<\/h1>\n\t\t\t\n\t\t\t\t\t\t\t<p class=\"pt-heading-bg-title\">Wedding Vallarta Photography<\/p>\n\t\t\t\t\t<\/div>\n\n\t\t\t\t<\/div>\n\t\t\t\t<\/div>\n\t\t\t\t\t<\/div>\n\t\t\t\t<\/div>\n\t\t<div class=\"elementor-element elementor-element-c307ac7 e-flex e-con-boxed e-con e-parent\" data-id=\"c307ac7\" data-element_type=\"container\">\n\t\t\t\t\t<div class=\"e-con-inner\">\n\t\t\t\t<div class=\"elementor-element elementor-element-72f7f25 elementor-widget elementor-widget-text-editor\" data-id=\"72f7f25\" data-element_type=\"widget\" data-widget_type=\"text-editor.default\">\n\t\t\t\t<div class=\"elementor-widget-container\">\n\t\t\t\t\t\t\t<ol><li>Selecciona el d\u00eda que requieres la sesi\u00f3n de fotos.<\/li><li>Ingresa los datos solicitados.<\/li><\/ol>\t\t\t\t\t\t<\/div>\n\t\t\t\t<\/div>\n\t\t\t\t<div class=\"elementor-element elementor-element-57b54ff elementor-widget elementor-widget-text-editor\" data-id=\"57b54ff\" data-element_type=\"widget\" data-widget_type=\"text-editor.default\">\n\t\t\t\t<div class=\"elementor-widget-container\">\n\t\t\t\t\t\t\t<ol start=\"3\">\n \t<li>Recibir\u00e1s un correo electr\u00f3nico de confirmaci\u00f3n para que sepas que recibimos tu solicitud.<\/li>\n \t<li>Toma en cuenta que es necesario que te lo confirmemos directamente.<\/li>\n<\/ol>\t\t\t\t\t\t<\/div>\n\t\t\t\t<\/div>\n\t\t\t\t\t<\/div>\n\t\t\t\t<\/div>\n\t\t<div class=\"elementor-element elementor-element-b8d88a2 e-flex e-con-boxed e-con e-parent\" data-id=\"b8d88a2\" data-element_type=\"container\">\n\t\t\t\t\t<div class=\"e-con-inner\">\n\t\t\t\t<div class=\"elementor-element elementor-element-fde78ed elementor-widget elementor-widget-shortcode\" data-id=\"fde78ed\" data-element_type=\"widget\" data-widget_type=\"shortcode.default\">\n\t\t\t\t<div class=\"elementor-widget-container\">\n\t\t\t\t\t<div class=\"elementor-shortcode\"><div class=\"booked-calendar-shortcode-wrap\"><div class=\"booked-calendar-wrap large\"><div class=\"booked-calendar\" data-calendar-id=\"45\" data-calendar-date=\"2026-05-01\">\n\t\t<div class=\"bc-head\">\n\n\t\t\t\n\t\t\t<div class=\"bc-row top\">\n\t\t\t\t<div class=\"bc-col\">\n\t\t\t\t\t\t\t\t\t\t<span class=\"calendarSavingState\">\n\t\t\t\t\t\t<i class=\"fa-solid fa-circle-notch fa-spin\"><\/i>\n\t\t\t\t\t<\/span>\n\t\t\t\t\t<span class=\"monthName\">\n\t\t\t\t\t\tmayo 2026\t\t\t\t\t\t\t\t\t\t\t<\/span>\n\t\t\t\t\t<a href=\"#\" data-goto=\"2026-06-01\" class=\"page-right\"><i class=\"fa-solid fa-arrow-right\"><\/i><\/a>\t\t\t\t<\/div>\n\t\t\t<\/div>\n\t\t\t<div class=\"bc-row days\">\n\t\t\t\t\t\t\t\t<div class=\"bc-col\">lun<\/div>\n\t\t\t\t<div class=\"bc-col\">mar<\/div>\n\t\t\t\t<div class=\"bc-col\">mi\u00e9<\/div>\n\t\t\t\t<div class=\"bc-col\">jue<\/div>\n\t\t\t\t<div class=\"bc-col\">vie<\/div>\n\t\t\t\t<div class=\"bc-col\">s\u00e1b<\/div>\t\t\t\t<div class=\"bc-col\">dom<\/div>\t\t\t<\/div>\n\t\t<\/div>\n\t\t<div class=\"bc-body\"><div class=\"bc-row week\"><div data-date=\"2026-04-27\" class=\"bc-col prev-month prev-date\"><span class=\"date\"><span class=\"number\">27<\/span><\/span><\/div><div data-date=\"2026-04-28\" class=\"bc-col prev-month prev-date\"><span class=\"date\"><span class=\"number\">28<\/span><\/span><\/div><div data-date=\"2026-04-29\" class=\"bc-col prev-month prev-date\"><span class=\"date\"><span class=\"number\">29<\/span><\/span><\/div><div data-date=\"2026-04-30\" class=\"bc-col prev-month prev-date\"><span class=\"date\"><span class=\"number\">30<\/span><\/span><\/div><div data-date=\"2026-05-1\" class=\"bc-col today prev-date\"><span class=\"date\"><span class=\"number\">1<\/span><\/span><\/div><div data-date=\"2026-05-2\" class=\"bc-col\"><span class=\"date tooltipster\" title=\"5 Available\"><span class=\"number\">2<\/span><\/span><\/div><div data-date=\"2026-05-3\" class=\"bc-col\"><span class=\"date tooltipster\" title=\"6 Disponibles\"><span class=\"number\">3<\/span><\/span><\/div><\/div><div class=\"bc-row week\"><div data-date=\"2026-05-4\" class=\"bc-col\"><span class=\"date tooltipster\" title=\"6 Disponibles\"><span class=\"number\">4<\/span><\/span><\/div><div data-date=\"2026-05-5\" class=\"bc-col\"><span class=\"date tooltipster\" title=\"6 Disponibles\"><span class=\"number\">5<\/span><\/span><\/div><div data-date=\"2026-05-6\" class=\"bc-col\"><span class=\"date tooltipster\" title=\"6 Disponibles\"><span class=\"number\">6<\/span><\/span><\/div><div data-date=\"2026-05-7\" class=\"bc-col\"><span class=\"date tooltipster\" title=\"6 Disponibles\"><span class=\"number\">7<\/span><\/span><\/div><div data-date=\"2026-05-8\" class=\"bc-col\"><span class=\"date tooltipster\" title=\"6 Disponibles\"><span class=\"number\">8<\/span><\/span><\/div><div data-date=\"2026-05-9\" class=\"bc-col\"><span class=\"date tooltipster\" title=\"6 Disponibles\"><span class=\"number\">9<\/span><\/span><\/div><div data-date=\"2026-05-10\" class=\"bc-col\"><span class=\"date tooltipster\" title=\"6 Disponibles\"><span class=\"number\">10<\/span><\/span><\/div><\/div><div class=\"bc-row week\"><div data-date=\"2026-05-11\" class=\"bc-col\"><span class=\"date tooltipster\" title=\"6 Disponibles\"><span class=\"number\">11<\/span><\/span><\/div><div data-date=\"2026-05-12\" class=\"bc-col\"><span class=\"date tooltipster\" title=\"6 Disponibles\"><span class=\"number\">12<\/span><\/span><\/div><div data-date=\"2026-05-13\" class=\"bc-col\"><span class=\"date tooltipster\" title=\"6 Disponibles\"><span class=\"number\">13<\/span><\/span><\/div><div data-date=\"2026-05-14\" class=\"bc-col\"><span class=\"date tooltipster\" title=\"6 Disponibles\"><span class=\"number\">14<\/span><\/span><\/div><div data-date=\"2026-05-15\" class=\"bc-col\"><span class=\"date tooltipster\" title=\"6 Disponibles\"><span class=\"number\">15<\/span><\/span><\/div><div data-date=\"2026-05-16\" class=\"bc-col\"><span class=\"date tooltipster\" title=\"6 Disponibles\"><span class=\"number\">16<\/span><\/span><\/div><div data-date=\"2026-05-17\" class=\"bc-col\"><span class=\"date tooltipster\" title=\"6 Disponibles\"><span class=\"number\">17<\/span><\/span><\/div><\/div><div class=\"bc-row week\"><div data-date=\"2026-05-18\" class=\"bc-col\"><span class=\"date tooltipster\" title=\"6 Disponibles\"><span class=\"number\">18<\/span><\/span><\/div><div data-date=\"2026-05-19\" class=\"bc-col\"><span class=\"date tooltipster\" title=\"6 Disponibles\"><span class=\"number\">19<\/span><\/span><\/div><div data-date=\"2026-05-20\" class=\"bc-col\"><span class=\"date tooltipster\" title=\"6 Disponibles\"><span class=\"number\">20<\/span><\/span><\/div><div data-date=\"2026-05-21\" class=\"bc-col\"><span class=\"date tooltipster\" title=\"6 Disponibles\"><span class=\"number\">21<\/span><\/span><\/div><div data-date=\"2026-05-22\" class=\"bc-col\"><span class=\"date tooltipster\" title=\"6 Disponibles\"><span class=\"number\">22<\/span><\/span><\/div><div data-date=\"2026-05-23\" class=\"bc-col\"><span class=\"date tooltipster\" title=\"6 Disponibles\"><span class=\"number\">23<\/span><\/span><\/div><div data-date=\"2026-05-24\" class=\"bc-col\"><span class=\"date tooltipster\" title=\"6 Disponibles\"><span class=\"number\">24<\/span><\/span><\/div><\/div><div class=\"bc-row week\"><div data-date=\"2026-05-25\" class=\"bc-col\"><span class=\"date tooltipster\" title=\"6 Disponibles\"><span class=\"number\">25<\/span><\/span><\/div><div data-date=\"2026-05-26\" class=\"bc-col\"><span class=\"date tooltipster\" title=\"6 Disponibles\"><span class=\"number\">26<\/span><\/span><\/div><div data-date=\"2026-05-27\" class=\"bc-col\"><span class=\"date tooltipster\" title=\"6 Disponibles\"><span class=\"number\">27<\/span><\/span><\/div><div data-date=\"2026-05-28\" class=\"bc-col\"><span class=\"date tooltipster\" title=\"6 Disponibles\"><span class=\"number\">28<\/span><\/span><\/div><div data-date=\"2026-05-29\" class=\"bc-col\"><span class=\"date tooltipster\" title=\"6 Disponibles\"><span class=\"number\">29<\/span><\/span><\/div><div data-date=\"2026-05-30\" class=\"bc-col\"><span class=\"date tooltipster\" title=\"6 Disponibles\"><span class=\"number\">30<\/span><\/span><\/div><div data-date=\"2026-05-31\" class=\"bc-col\"><span class=\"date tooltipster\" title=\"6 Disponibles\"><span class=\"number\">31<\/span><\/span><\/div><\/div>\t\t<\/div>\n\t<\/div><\/div><\/div><\/div>\n\t\t\t\t<\/div>\n\t\t\t\t<\/div>\n\t\t\t\t\t<\/div>\n\t\t\t\t<\/div>\n\t\t\t\t<\/div>","protected":false},"excerpt":{"rendered":"<p>Booking Wedding Vallarta Photography Select the day you require the photo session. Enter the requested data. You will receive a confirmation email so you&#8230;<\/p>","protected":false},"author":1,"featured_media":0,"parent":0,"menu_order":0,"comment_status":"closed","ping_status":"closed","template":"","meta":{"_acf_changed":false,"_joinchat":[],"footnotes":""},"class_list":["post-2282","page","type-page","status-publish","hentry"],"acf":[],"yoast_head":"<!-- This site is optimized with the Yoast SEO plugin v23.8 - https:\/\/yoast.com\/wordpress\/plugins\/seo\/ -->\n<title>Booking - Wedding Vallarta<\/title>\n<meta name=\"robots\" content=\"index, follow, max-snippet:-1, max-image-preview:large, max-video-preview:-1\" \/>\n<link rel=\"canonical\" href=\"https:\/\/weddingvallarta.com\/es\/booking\/\" \/>\n<meta property=\"og:locale\" content=\"es_MX\" \/>\n<meta property=\"og:type\" content=\"article\" \/>\n<meta property=\"og:title\" content=\"Booking - Wedding Vallarta\" \/>\n<meta property=\"og:description\" content=\"Booking Wedding Vallarta Photography Select the day you require the photo session. Enter the requested data. You will receive a confirmation email so you...\" \/>\n<meta property=\"og:url\" content=\"https:\/\/weddingvallarta.com\/es\/booking\/\" \/>\n<meta property=\"og:site_name\" content=\"Wedding Vallarta\" \/>\n<meta property=\"article:modified_time\" content=\"2024-04-03T19:33:40+00:00\" \/>\n<meta name=\"twitter:card\" content=\"summary_large_image\" \/>\n<script type=\"application\/ld+json\" class=\"yoast-schema-graph\">{\"@context\":\"https:\/\/schema.org\",\"@graph\":[{\"@type\":\"WebPage\",\"@id\":\"https:\/\/weddingvallarta.com\/booking\/\",\"url\":\"https:\/\/weddingvallarta.com\/booking\/\",\"name\":\"Booking - Wedding Vallarta\",\"isPartOf\":{\"@id\":\"https:\/\/weddingvallarta.com\/#website\"},\"datePublished\":\"2024-02-10T16:13:36+00:00\",\"dateModified\":\"2024-04-03T19:33:40+00:00\",\"breadcrumb\":{\"@id\":\"https:\/\/weddingvallarta.com\/booking\/#breadcrumb\"},\"inLanguage\":\"es\",\"potentialAction\":[{\"@type\":\"ReadAction\",\"target\":[\"https:\/\/weddingvallarta.com\/booking\/\"]}]},{\"@type\":\"BreadcrumbList\",\"@id\":\"https:\/\/weddingvallarta.com\/booking\/#breadcrumb\",\"itemListElement\":[{\"@type\":\"ListItem\",\"position\":1,\"name\":\"Home\",\"item\":\"https:\/\/weddingvallarta.com\/\"},{\"@type\":\"ListItem\",\"position\":2,\"name\":\"Booking\"}]},{\"@type\":\"WebSite\",\"@id\":\"https:\/\/weddingvallarta.com\/#website\",\"url\":\"https:\/\/weddingvallarta.com\/\",\"name\":\"Wedding Vallarta\",\"description\":\"Real Weddings Captured Candidly\",\"potentialAction\":[{\"@type\":\"SearchAction\",\"target\":{\"@type\":\"EntryPoint\",\"urlTemplate\":\"https:\/\/weddingvallarta.com\/?s={search_term_string}\"},\"query-input\":{\"@type\":\"PropertyValueSpecification\",\"valueRequired\":true,\"valueName\":\"search_term_string\"}}],\"inLanguage\":\"es\"}]}<\/script>\n<!-- \/ Yoast SEO plugin. -->","yoast_head_json":{"title":"Booking - Wedding Vallarta","robots":{"index":"index","follow":"follow","max-snippet":"max-snippet:-1","max-image-preview":"max-image-preview:large","max-video-preview":"max-video-preview:-1"},"canonical":"https:\/\/weddingvallarta.com\/es\/booking\/","og_locale":"es_MX","og_type":"article","og_title":"Booking - Wedding Vallarta","og_description":"Booking Wedding Vallarta Photography Select the day you require the photo session. Enter the requested data. You will receive a confirmation email so you...","og_url":"https:\/\/weddingvallarta.com\/es\/booking\/","og_site_name":"Wedding Vallarta","article_modified_time":"2024-04-03T19:33:40+00:00","twitter_card":"summary_large_image","schema":{"@context":"https:\/\/schema.org","@graph":[{"@type":"WebPage","@id":"https:\/\/weddingvallarta.com\/booking\/","url":"https:\/\/weddingvallarta.com\/booking\/","name":"Booking - Wedding Vallarta","isPartOf":{"@id":"https:\/\/weddingvallarta.com\/#website"},"datePublished":"2024-02-10T16:13:36+00:00","dateModified":"2024-04-03T19:33:40+00:00","breadcrumb":{"@id":"https:\/\/weddingvallarta.com\/booking\/#breadcrumb"},"inLanguage":"es","potentialAction":[{"@type":"ReadAction","target":["https:\/\/weddingvallarta.com\/booking\/"]}]},{"@type":"BreadcrumbList","@id":"https:\/\/weddingvallarta.com\/booking\/#breadcrumb","itemListElement":[{"@type":"ListItem","position":1,"name":"Home","item":"https:\/\/weddingvallarta.com\/"},{"@type":"ListItem","position":2,"name":"Booking"}]},{"@type":"WebSite","@id":"https:\/\/weddingvallarta.com\/#website","url":"https:\/\/weddingvallarta.com\/","name":"Wedding Vallarta","description":"Real Weddings Captured Candidly","potentialAction":[{"@type":"SearchAction","target":{"@type":"EntryPoint","urlTemplate":"https:\/\/weddingvallarta.com\/?s={search_term_string}"},"query-input":{"@type":"PropertyValueSpecification","valueRequired":true,"valueName":"search_term_string"}}],"inLanguage":"es"}]}},"_links":{"self":[{"href":"https:\/\/weddingvallarta.com\/es\/wp-json\/wp\/v2\/pages\/2282","targetHints":{"allow":["GET"]}}],"collection":[{"href":"https:\/\/weddingvallarta.com\/es\/wp-json\/wp\/v2\/pages"}],"about":[{"href":"https:\/\/weddingvallarta.com\/es\/wp-json\/wp\/v2\/types\/page"}],"author":[{"embeddable":true,"href":"https:\/\/weddingvallarta.com\/es\/wp-json\/wp\/v2\/users\/1"}],"replies":[{"embeddable":true,"href":"https:\/\/weddingvallarta.com\/es\/wp-json\/wp\/v2\/comments?post=2282"}],"version-history":[{"count":27,"href":"https:\/\/weddingvallarta.com\/es\/wp-json\/wp\/v2\/pages\/2282\/revisions"}],"predecessor-version":[{"id":4200,"href":"https:\/\/weddingvallarta.com\/es\/wp-json\/wp\/v2\/pages\/2282\/revisions\/4200"}],"wp:attachment":[{"href":"https:\/\/weddingvallarta.com\/es\/wp-json\/wp\/v2\/media?parent=2282"}],"curies":[{"name":"wp","href":"https:\/\/api.w.org\/{rel}","templated":true}]}}