{"id":4775,"date":"2025-04-25T14:51:45","date_gmt":"2025-04-25T20:51:45","guid":{"rendered":"https:\/\/weddingvallarta.com\/?page_id=4775"},"modified":"2025-04-25T14:54:06","modified_gmt":"2025-04-25T20:54:06","slug":"rossalia-y-andres","status":"publish","type":"page","link":"https:\/\/weddingvallarta.com\/es\/rossalia-y-andres\/","title":{"rendered":"Rossal\u00eda y Andr\u00e9s"},"content":{"rendered":"<div data-elementor-type=\"wp-page\" data-elementor-id=\"4775\" class=\"elementor elementor-4775\" data-elementor-post-type=\"page\">\n\t\t\t\t<div class=\"elementor-element elementor-element-b969e78 e-flex e-con-boxed e-con e-parent\" data-id=\"b969e78\" data-element_type=\"container\">\n\t\t\t\t\t<div class=\"e-con-inner\">\n\t\t\t\t<div class=\"elementor-element elementor-element-0df4867 elementor-widget elementor-widget-spacer\" data-id=\"0df4867\" data-element_type=\"widget\" data-widget_type=\"spacer.default\">\n\t\t\t\t<div class=\"elementor-widget-container\">\n\t\t\t\t\t<div class=\"elementor-spacer\">\n\t\t\t<div class=\"elementor-spacer-inner\"><\/div>\n\t\t<\/div>\n\t\t\t\t<\/div>\n\t\t\t\t<\/div>\n\t\t\t\t<div class=\"elementor-element elementor-element-21bf1ee elementor-widget elementor-widget-heading\" data-id=\"21bf1ee\" data-element_type=\"widget\" data-widget_type=\"heading.default\">\n\t\t\t\t<div class=\"elementor-widget-container\">\n\t\t\t<h2 class=\"elementor-heading-title elementor-size-default\">Rossal\u00eda &amp; Andr\u00e9s<\/h2>\t\t<\/div>\n\t\t\t\t<\/div>\n\t\t\t\t<div class=\"elementor-element elementor-element-d4d3b4e elementor-widget elementor-widget-gallery\" data-id=\"d4d3b4e\" data-element_type=\"widget\" data-settings=\"{&quot;gallery_layout&quot;:&quot;masonry&quot;,&quot;columns&quot;:3,&quot;lazyload&quot;:&quot;yes&quot;,&quot;columns_tablet&quot;:2,&quot;columns_mobile&quot;:1,&quot;gap&quot;:{&quot;unit&quot;:&quot;px&quot;,&quot;size&quot;:10,&quot;sizes&quot;:[]},&quot;gap_tablet&quot;:{&quot;unit&quot;:&quot;px&quot;,&quot;size&quot;:10,&quot;sizes&quot;:[]},&quot;gap_mobile&quot;:{&quot;unit&quot;:&quot;px&quot;,&quot;size&quot;:10,&quot;sizes&quot;:[]},&quot;link_to&quot;:&quot;file&quot;,&quot;content_hover_animation&quot;:&quot;fade-in&quot;}\" data-widget_type=\"gallery.default\">\n\t\t\t\t<div class=\"elementor-widget-container\">\n\t\t\t\t\t<div class=\"elementor-gallery__container\">\n\t\t\t\t\t\t\t<a class=\"e-gallery-item elementor-gallery-item elementor-animated-content\" href=\"https:\/\/weddingvallarta.com\/wp-content\/uploads\/2025\/04\/ARP02635.webp\" data-elementor-open-lightbox=\"yes\" data-elementor-lightbox-slideshow=\"d4d3b4e\" data-e-action-hash=\"#elementor-action%3Aaction%3Dlightbox%26settings%3DeyJpZCI6NDc1MywidXJsIjoiaHR0cHM6XC9cL3dlZGRpbmd2YWxsYXJ0YS5jb21cL3dwLWNvbnRlbnRcL3VwbG9hZHNcLzIwMjVcLzA0XC9BUlAwMjYzNS53ZWJwIiwic2xpZGVzaG93IjoiZDRkM2I0ZSJ9\">\n\t\t\t\t\t<div class=\"e-gallery-image elementor-gallery-item__image\" data-thumbnail=\"https:\/\/weddingvallarta.com\/wp-content\/uploads\/2025\/04\/ARP02635.webp\" data-width=\"1536\" data-height=\"1920\" aria-label=\"ARP02635\" role=\"img\" ><\/div>\n\t\t\t\t\t\t\t\t\t\t\t\t\t\t<\/a>\n\t\t\t\t\t\t\t<a class=\"e-gallery-item elementor-gallery-item elementor-animated-content\" href=\"https:\/\/weddingvallarta.com\/wp-content\/uploads\/2025\/04\/ARP08062.webp\" data-elementor-open-lightbox=\"yes\" data-elementor-lightbox-slideshow=\"d4d3b4e\" data-e-action-hash=\"#elementor-action%3Aaction%3Dlightbox%26settings%3DeyJpZCI6NDc3NCwidXJsIjoiaHR0cHM6XC9cL3dlZGRpbmd2YWxsYXJ0YS5jb21cL3dwLWNvbnRlbnRcL3VwbG9hZHNcLzIwMjVcLzA0XC9BUlAwODA2Mi53ZWJwIiwic2xpZGVzaG93IjoiZDRkM2I0ZSJ9\">\n\t\t\t\t\t<div class=\"e-gallery-image elementor-gallery-item__image\" data-thumbnail=\"https:\/\/weddingvallarta.com\/wp-content\/uploads\/2025\/04\/ARP08062.webp\" data-width=\"1920\" data-height=\"1280\" aria-label=\"ARP08062\" role=\"img\" ><\/div>\n\t\t\t\t\t\t\t\t\t\t\t\t\t\t<\/a>\n\t\t\t\t\t\t\t<a class=\"e-gallery-item elementor-gallery-item elementor-animated-content\" href=\"https:\/\/weddingvallarta.com\/wp-content\/uploads\/2025\/04\/ARP07898.webp\" data-elementor-open-lightbox=\"yes\" data-elementor-lightbox-slideshow=\"d4d3b4e\" data-e-action-hash=\"#elementor-action%3Aaction%3Dlightbox%26settings%3DeyJpZCI6NDc3MywidXJsIjoiaHR0cHM6XC9cL3dlZGRpbmd2YWxsYXJ0YS5jb21cL3dwLWNvbnRlbnRcL3VwbG9hZHNcLzIwMjVcLzA0XC9BUlAwNzg5OC53ZWJwIiwic2xpZGVzaG93IjoiZDRkM2I0ZSJ9\">\n\t\t\t\t\t<div class=\"e-gallery-image elementor-gallery-item__image\" data-thumbnail=\"https:\/\/weddingvallarta.com\/wp-content\/uploads\/2025\/04\/ARP07898.webp\" data-width=\"1920\" data-height=\"1280\" aria-label=\"ARP07898\" role=\"img\" ><\/div>\n\t\t\t\t\t\t\t\t\t\t\t\t\t\t<\/a>\n\t\t\t\t\t\t\t<a class=\"e-gallery-item elementor-gallery-item elementor-animated-content\" href=\"https:\/\/weddingvallarta.com\/wp-content\/uploads\/2025\/04\/ARP07391.webp\" data-elementor-open-lightbox=\"yes\" data-elementor-lightbox-slideshow=\"d4d3b4e\" data-e-action-hash=\"#elementor-action%3Aaction%3Dlightbox%26settings%3DeyJpZCI6NDc3MiwidXJsIjoiaHR0cHM6XC9cL3dlZGRpbmd2YWxsYXJ0YS5jb21cL3dwLWNvbnRlbnRcL3VwbG9hZHNcLzIwMjVcLzA0XC9BUlAwNzM5MS53ZWJwIiwic2xpZGVzaG93IjoiZDRkM2I0ZSJ9\">\n\t\t\t\t\t<div class=\"e-gallery-image elementor-gallery-item__image\" data-thumbnail=\"https:\/\/weddingvallarta.com\/wp-content\/uploads\/2025\/04\/ARP07391.webp\" data-width=\"1920\" data-height=\"1280\" aria-label=\"ARP07391\" role=\"img\" ><\/div>\n\t\t\t\t\t\t\t\t\t\t\t\t\t\t<\/a>\n\t\t\t\t\t\t\t<a class=\"e-gallery-item elementor-gallery-item elementor-animated-content\" href=\"https:\/\/weddingvallarta.com\/wp-content\/uploads\/2025\/04\/ARP07340.webp\" data-elementor-open-lightbox=\"yes\" data-elementor-lightbox-slideshow=\"d4d3b4e\" data-e-action-hash=\"#elementor-action%3Aaction%3Dlightbox%26settings%3DeyJpZCI6NDc3MSwidXJsIjoiaHR0cHM6XC9cL3dlZGRpbmd2YWxsYXJ0YS5jb21cL3dwLWNvbnRlbnRcL3VwbG9hZHNcLzIwMjVcLzA0XC9BUlAwNzM0MC53ZWJwIiwic2xpZGVzaG93IjoiZDRkM2I0ZSJ9\">\n\t\t\t\t\t<div class=\"e-gallery-image elementor-gallery-item__image\" data-thumbnail=\"https:\/\/weddingvallarta.com\/wp-content\/uploads\/2025\/04\/ARP07340.webp\" data-width=\"1920\" data-height=\"1280\" aria-label=\"ARP07340\" role=\"img\" ><\/div>\n\t\t\t\t\t\t\t\t\t\t\t\t\t\t<\/a>\n\t\t\t\t\t\t\t<a class=\"e-gallery-item elementor-gallery-item elementor-animated-content\" href=\"https:\/\/weddingvallarta.com\/wp-content\/uploads\/2025\/04\/ARP07214.webp\" data-elementor-open-lightbox=\"yes\" data-elementor-lightbox-slideshow=\"d4d3b4e\" data-e-action-hash=\"#elementor-action%3Aaction%3Dlightbox%26settings%3DeyJpZCI6NDc3MCwidXJsIjoiaHR0cHM6XC9cL3dlZGRpbmd2YWxsYXJ0YS5jb21cL3dwLWNvbnRlbnRcL3VwbG9hZHNcLzIwMjVcLzA0XC9BUlAwNzIxNC53ZWJwIiwic2xpZGVzaG93IjoiZDRkM2I0ZSJ9\">\n\t\t\t\t\t<div class=\"e-gallery-image elementor-gallery-item__image\" data-thumbnail=\"https:\/\/weddingvallarta.com\/wp-content\/uploads\/2025\/04\/ARP07214.webp\" data-width=\"1920\" data-height=\"1280\" aria-label=\"ARP07214\" role=\"img\" ><\/div>\n\t\t\t\t\t\t\t\t\t\t\t\t\t\t<\/a>\n\t\t\t\t\t\t\t<a class=\"e-gallery-item elementor-gallery-item elementor-animated-content\" href=\"https:\/\/weddingvallarta.com\/wp-content\/uploads\/2025\/04\/ARP07204.webp\" data-elementor-open-lightbox=\"yes\" data-elementor-lightbox-slideshow=\"d4d3b4e\" data-e-action-hash=\"#elementor-action%3Aaction%3Dlightbox%26settings%3DeyJpZCI6NDc2OSwidXJsIjoiaHR0cHM6XC9cL3dlZGRpbmd2YWxsYXJ0YS5jb21cL3dwLWNvbnRlbnRcL3VwbG9hZHNcLzIwMjVcLzA0XC9BUlAwNzIwNC53ZWJwIiwic2xpZGVzaG93IjoiZDRkM2I0ZSJ9\">\n\t\t\t\t\t<div class=\"e-gallery-image elementor-gallery-item__image\" data-thumbnail=\"https:\/\/weddingvallarta.com\/wp-content\/uploads\/2025\/04\/ARP07204.webp\" data-width=\"1920\" data-height=\"1280\" aria-label=\"ARP07204\" role=\"img\" ><\/div>\n\t\t\t\t\t\t\t\t\t\t\t\t\t\t<\/a>\n\t\t\t\t\t\t\t<a class=\"e-gallery-item elementor-gallery-item elementor-animated-content\" href=\"https:\/\/weddingvallarta.com\/wp-content\/uploads\/2025\/04\/ARP06890.webp\" data-elementor-open-lightbox=\"yes\" data-elementor-lightbox-slideshow=\"d4d3b4e\" data-e-action-hash=\"#elementor-action%3Aaction%3Dlightbox%26settings%3DeyJpZCI6NDc2OCwidXJsIjoiaHR0cHM6XC9cL3dlZGRpbmd2YWxsYXJ0YS5jb21cL3dwLWNvbnRlbnRcL3VwbG9hZHNcLzIwMjVcLzA0XC9BUlAwNjg5MC53ZWJwIiwic2xpZGVzaG93IjoiZDRkM2I0ZSJ9\">\n\t\t\t\t\t<div class=\"e-gallery-image elementor-gallery-item__image\" data-thumbnail=\"https:\/\/weddingvallarta.com\/wp-content\/uploads\/2025\/04\/ARP06890.webp\" data-width=\"1920\" data-height=\"1280\" aria-label=\"ARP06890\" role=\"img\" ><\/div>\n\t\t\t\t\t\t\t\t\t\t\t\t\t\t<\/a>\n\t\t\t\t\t\t\t<a class=\"e-gallery-item elementor-gallery-item elementor-animated-content\" href=\"https:\/\/weddingvallarta.com\/wp-content\/uploads\/2025\/04\/ARP06875.webp\" data-elementor-open-lightbox=\"yes\" data-elementor-lightbox-slideshow=\"d4d3b4e\" data-e-action-hash=\"#elementor-action%3Aaction%3Dlightbox%26settings%3DeyJpZCI6NDc2NywidXJsIjoiaHR0cHM6XC9cL3dlZGRpbmd2YWxsYXJ0YS5jb21cL3dwLWNvbnRlbnRcL3VwbG9hZHNcLzIwMjVcLzA0XC9BUlAwNjg3NS53ZWJwIiwic2xpZGVzaG93IjoiZDRkM2I0ZSJ9\">\n\t\t\t\t\t<div class=\"e-gallery-image elementor-gallery-item__image\" data-thumbnail=\"https:\/\/weddingvallarta.com\/wp-content\/uploads\/2025\/04\/ARP06875.webp\" data-width=\"1920\" data-height=\"1280\" aria-label=\"ARP06875\" role=\"img\" ><\/div>\n\t\t\t\t\t\t\t\t\t\t\t\t\t\t<\/a>\n\t\t\t\t\t\t\t<a class=\"e-gallery-item elementor-gallery-item elementor-animated-content\" href=\"https:\/\/weddingvallarta.com\/wp-content\/uploads\/2025\/04\/ARP06684.webp\" data-elementor-open-lightbox=\"yes\" data-elementor-lightbox-slideshow=\"d4d3b4e\" data-e-action-hash=\"#elementor-action%3Aaction%3Dlightbox%26settings%3DeyJpZCI6NDc2NiwidXJsIjoiaHR0cHM6XC9cL3dlZGRpbmd2YWxsYXJ0YS5jb21cL3dwLWNvbnRlbnRcL3VwbG9hZHNcLzIwMjVcLzA0XC9BUlAwNjY4NC53ZWJwIiwic2xpZGVzaG93IjoiZDRkM2I0ZSJ9\">\n\t\t\t\t\t<div class=\"e-gallery-image elementor-gallery-item__image\" data-thumbnail=\"https:\/\/weddingvallarta.com\/wp-content\/uploads\/2025\/04\/ARP06684.webp\" data-width=\"1920\" data-height=\"1280\" aria-label=\"ARP06684\" role=\"img\" ><\/div>\n\t\t\t\t\t\t\t\t\t\t\t\t\t\t<\/a>\n\t\t\t\t\t\t\t<a class=\"e-gallery-item elementor-gallery-item elementor-animated-content\" href=\"https:\/\/weddingvallarta.com\/wp-content\/uploads\/2025\/04\/ARP05132.webp\" data-elementor-open-lightbox=\"yes\" data-elementor-lightbox-slideshow=\"d4d3b4e\" data-e-action-hash=\"#elementor-action%3Aaction%3Dlightbox%26settings%3DeyJpZCI6NDc2NSwidXJsIjoiaHR0cHM6XC9cL3dlZGRpbmd2YWxsYXJ0YS5jb21cL3dwLWNvbnRlbnRcL3VwbG9hZHNcLzIwMjVcLzA0XC9BUlAwNTEzMi53ZWJwIiwic2xpZGVzaG93IjoiZDRkM2I0ZSJ9\">\n\t\t\t\t\t<div class=\"e-gallery-image elementor-gallery-item__image\" data-thumbnail=\"https:\/\/weddingvallarta.com\/wp-content\/uploads\/2025\/04\/ARP05132.webp\" data-width=\"1920\" data-height=\"1280\" aria-label=\"ARP05132\" role=\"img\" ><\/div>\n\t\t\t\t\t\t\t\t\t\t\t\t\t\t<\/a>\n\t\t\t\t\t\t\t<a class=\"e-gallery-item elementor-gallery-item elementor-animated-content\" href=\"https:\/\/weddingvallarta.com\/wp-content\/uploads\/2025\/04\/ARP05125.webp\" data-elementor-open-lightbox=\"yes\" data-elementor-lightbox-slideshow=\"d4d3b4e\" data-e-action-hash=\"#elementor-action%3Aaction%3Dlightbox%26settings%3DeyJpZCI6NDc2NCwidXJsIjoiaHR0cHM6XC9cL3dlZGRpbmd2YWxsYXJ0YS5jb21cL3dwLWNvbnRlbnRcL3VwbG9hZHNcLzIwMjVcLzA0XC9BUlAwNTEyNS53ZWJwIiwic2xpZGVzaG93IjoiZDRkM2I0ZSJ9\">\n\t\t\t\t\t<div class=\"e-gallery-image elementor-gallery-item__image\" data-thumbnail=\"https:\/\/weddingvallarta.com\/wp-content\/uploads\/2025\/04\/ARP05125.webp\" data-width=\"1920\" data-height=\"1280\" aria-label=\"ARP05125\" role=\"img\" ><\/div>\n\t\t\t\t\t\t\t\t\t\t\t\t\t\t<\/a>\n\t\t\t\t\t\t\t<a class=\"e-gallery-item elementor-gallery-item elementor-animated-content\" href=\"https:\/\/weddingvallarta.com\/wp-content\/uploads\/2025\/04\/ARP05067.webp\" data-elementor-open-lightbox=\"yes\" data-elementor-lightbox-slideshow=\"d4d3b4e\" data-e-action-hash=\"#elementor-action%3Aaction%3Dlightbox%26settings%3DeyJpZCI6NDc2MywidXJsIjoiaHR0cHM6XC9cL3dlZGRpbmd2YWxsYXJ0YS5jb21cL3dwLWNvbnRlbnRcL3VwbG9hZHNcLzIwMjVcLzA0XC9BUlAwNTA2Ny53ZWJwIiwic2xpZGVzaG93IjoiZDRkM2I0ZSJ9\">\n\t\t\t\t\t<div class=\"e-gallery-image elementor-gallery-item__image\" data-thumbnail=\"https:\/\/weddingvallarta.com\/wp-content\/uploads\/2025\/04\/ARP05067.webp\" data-width=\"1920\" data-height=\"1280\" aria-label=\"ARP05067\" role=\"img\" ><\/div>\n\t\t\t\t\t\t\t\t\t\t\t\t\t\t<\/a>\n\t\t\t\t\t\t\t<a class=\"e-gallery-item elementor-gallery-item elementor-animated-content\" href=\"https:\/\/weddingvallarta.com\/wp-content\/uploads\/2025\/04\/ARP05019.webp\" data-elementor-open-lightbox=\"yes\" data-elementor-lightbox-slideshow=\"d4d3b4e\" data-e-action-hash=\"#elementor-action%3Aaction%3Dlightbox%26settings%3DeyJpZCI6NDc2MiwidXJsIjoiaHR0cHM6XC9cL3dlZGRpbmd2YWxsYXJ0YS5jb21cL3dwLWNvbnRlbnRcL3VwbG9hZHNcLzIwMjVcLzA0XC9BUlAwNTAxOS53ZWJwIiwic2xpZGVzaG93IjoiZDRkM2I0ZSJ9\">\n\t\t\t\t\t<div class=\"e-gallery-image elementor-gallery-item__image\" data-thumbnail=\"https:\/\/weddingvallarta.com\/wp-content\/uploads\/2025\/04\/ARP05019.webp\" data-width=\"1920\" data-height=\"1280\" aria-label=\"ARP05019\" role=\"img\" ><\/div>\n\t\t\t\t\t\t\t\t\t\t\t\t\t\t<\/a>\n\t\t\t\t\t\t\t<a class=\"e-gallery-item elementor-gallery-item elementor-animated-content\" href=\"https:\/\/weddingvallarta.com\/wp-content\/uploads\/2025\/04\/ARP04798.webp\" data-elementor-open-lightbox=\"yes\" data-elementor-lightbox-slideshow=\"d4d3b4e\" data-e-action-hash=\"#elementor-action%3Aaction%3Dlightbox%26settings%3DeyJpZCI6NDc2MSwidXJsIjoiaHR0cHM6XC9cL3dlZGRpbmd2YWxsYXJ0YS5jb21cL3dwLWNvbnRlbnRcL3VwbG9hZHNcLzIwMjVcLzA0XC9BUlAwNDc5OC53ZWJwIiwic2xpZGVzaG93IjoiZDRkM2I0ZSJ9\">\n\t\t\t\t\t<div class=\"e-gallery-image elementor-gallery-item__image\" data-thumbnail=\"https:\/\/weddingvallarta.com\/wp-content\/uploads\/2025\/04\/ARP04798.webp\" data-width=\"1920\" data-height=\"1280\" aria-label=\"ARP04798\" role=\"img\" ><\/div>\n\t\t\t\t\t\t\t\t\t\t\t\t\t\t<\/a>\n\t\t\t\t\t\t\t<a class=\"e-gallery-item elementor-gallery-item elementor-animated-content\" href=\"https:\/\/weddingvallarta.com\/wp-content\/uploads\/2025\/04\/ARP04777.webp\" data-elementor-open-lightbox=\"yes\" data-elementor-lightbox-slideshow=\"d4d3b4e\" data-e-action-hash=\"#elementor-action%3Aaction%3Dlightbox%26settings%3DeyJpZCI6NDc2MCwidXJsIjoiaHR0cHM6XC9cL3dlZGRpbmd2YWxsYXJ0YS5jb21cL3dwLWNvbnRlbnRcL3VwbG9hZHNcLzIwMjVcLzA0XC9BUlAwNDc3Ny53ZWJwIiwic2xpZGVzaG93IjoiZDRkM2I0ZSJ9\">\n\t\t\t\t\t<div class=\"e-gallery-image elementor-gallery-item__image\" data-thumbnail=\"https:\/\/weddingvallarta.com\/wp-content\/uploads\/2025\/04\/ARP04777.webp\" data-width=\"1920\" data-height=\"1280\" aria-label=\"ARP04777\" role=\"img\" ><\/div>\n\t\t\t\t\t\t\t\t\t\t\t\t\t\t<\/a>\n\t\t\t\t\t\t\t<a class=\"e-gallery-item elementor-gallery-item elementor-animated-content\" href=\"https:\/\/weddingvallarta.com\/wp-content\/uploads\/2025\/04\/ARP04716.webp\" data-elementor-open-lightbox=\"yes\" data-elementor-lightbox-slideshow=\"d4d3b4e\" data-e-action-hash=\"#elementor-action%3Aaction%3Dlightbox%26settings%3DeyJpZCI6NDc1OSwidXJsIjoiaHR0cHM6XC9cL3dlZGRpbmd2YWxsYXJ0YS5jb21cL3dwLWNvbnRlbnRcL3VwbG9hZHNcLzIwMjVcLzA0XC9BUlAwNDcxNi53ZWJwIiwic2xpZGVzaG93IjoiZDRkM2I0ZSJ9\">\n\t\t\t\t\t<div class=\"e-gallery-image elementor-gallery-item__image\" data-thumbnail=\"https:\/\/weddingvallarta.com\/wp-content\/uploads\/2025\/04\/ARP04716.webp\" data-width=\"1280\" data-height=\"1920\" aria-label=\"ARP04716\" role=\"img\" ><\/div>\n\t\t\t\t\t\t\t\t\t\t\t\t\t\t<\/a>\n\t\t\t\t\t\t\t<a class=\"e-gallery-item elementor-gallery-item elementor-animated-content\" href=\"https:\/\/weddingvallarta.com\/wp-content\/uploads\/2025\/04\/ARP04705.webp\" data-elementor-open-lightbox=\"yes\" data-elementor-lightbox-slideshow=\"d4d3b4e\" data-e-action-hash=\"#elementor-action%3Aaction%3Dlightbox%26settings%3DeyJpZCI6NDc1OCwidXJsIjoiaHR0cHM6XC9cL3dlZGRpbmd2YWxsYXJ0YS5jb21cL3dwLWNvbnRlbnRcL3VwbG9hZHNcLzIwMjVcLzA0XC9BUlAwNDcwNS53ZWJwIiwic2xpZGVzaG93IjoiZDRkM2I0ZSJ9\">\n\t\t\t\t\t<div class=\"e-gallery-image elementor-gallery-item__image\" data-thumbnail=\"https:\/\/weddingvallarta.com\/wp-content\/uploads\/2025\/04\/ARP04705.webp\" data-width=\"1280\" data-height=\"1920\" aria-label=\"ARP04705\" role=\"img\" ><\/div>\n\t\t\t\t\t\t\t\t\t\t\t\t\t\t<\/a>\n\t\t\t\t\t\t\t<a class=\"e-gallery-item elementor-gallery-item elementor-animated-content\" href=\"https:\/\/weddingvallarta.com\/wp-content\/uploads\/2025\/04\/ARP04698.webp\" data-elementor-open-lightbox=\"yes\" data-elementor-lightbox-slideshow=\"d4d3b4e\" data-e-action-hash=\"#elementor-action%3Aaction%3Dlightbox%26settings%3DeyJpZCI6NDc1NywidXJsIjoiaHR0cHM6XC9cL3dlZGRpbmd2YWxsYXJ0YS5jb21cL3dwLWNvbnRlbnRcL3VwbG9hZHNcLzIwMjVcLzA0XC9BUlAwNDY5OC53ZWJwIiwic2xpZGVzaG93IjoiZDRkM2I0ZSJ9\">\n\t\t\t\t\t<div class=\"e-gallery-image elementor-gallery-item__image\" data-thumbnail=\"https:\/\/weddingvallarta.com\/wp-content\/uploads\/2025\/04\/ARP04698.webp\" data-width=\"1280\" data-height=\"1920\" aria-label=\"ARP04698\" role=\"img\" ><\/div>\n\t\t\t\t\t\t\t\t\t\t\t\t\t\t<\/a>\n\t\t\t\t\t\t\t<a class=\"e-gallery-item elementor-gallery-item elementor-animated-content\" href=\"https:\/\/weddingvallarta.com\/wp-content\/uploads\/2025\/04\/ARP04355.webp\" data-elementor-open-lightbox=\"yes\" data-elementor-lightbox-slideshow=\"d4d3b4e\" data-e-action-hash=\"#elementor-action%3Aaction%3Dlightbox%26settings%3DeyJpZCI6NDc1NiwidXJsIjoiaHR0cHM6XC9cL3dlZGRpbmd2YWxsYXJ0YS5jb21cL3dwLWNvbnRlbnRcL3VwbG9hZHNcLzIwMjVcLzA0XC9BUlAwNDM1NS53ZWJwIiwic2xpZGVzaG93IjoiZDRkM2I0ZSJ9\">\n\t\t\t\t\t<div class=\"e-gallery-image elementor-gallery-item__image\" data-thumbnail=\"https:\/\/weddingvallarta.com\/wp-content\/uploads\/2025\/04\/ARP04355.webp\" data-width=\"1280\" data-height=\"1920\" aria-label=\"ARP04355\" role=\"img\" ><\/div>\n\t\t\t\t\t\t\t\t\t\t\t\t\t\t<\/a>\n\t\t\t\t\t\t\t<a class=\"e-gallery-item elementor-gallery-item elementor-animated-content\" href=\"https:\/\/weddingvallarta.com\/wp-content\/uploads\/2025\/04\/ARP03854.webp\" data-elementor-open-lightbox=\"yes\" data-elementor-lightbox-slideshow=\"d4d3b4e\" data-e-action-hash=\"#elementor-action%3Aaction%3Dlightbox%26settings%3DeyJpZCI6NDc1NSwidXJsIjoiaHR0cHM6XC9cL3dlZGRpbmd2YWxsYXJ0YS5jb21cL3dwLWNvbnRlbnRcL3VwbG9hZHNcLzIwMjVcLzA0XC9BUlAwMzg1NC53ZWJwIiwic2xpZGVzaG93IjoiZDRkM2I0ZSJ9\">\n\t\t\t\t\t<div class=\"e-gallery-image elementor-gallery-item__image\" data-thumbnail=\"https:\/\/weddingvallarta.com\/wp-content\/uploads\/2025\/04\/ARP03854.webp\" data-width=\"1920\" data-height=\"1280\" aria-label=\"ARP03854\" role=\"img\" ><\/div>\n\t\t\t\t\t\t\t\t\t\t\t\t\t\t<\/a>\n\t\t\t\t\t\t\t<a class=\"e-gallery-item elementor-gallery-item elementor-animated-content\" href=\"https:\/\/weddingvallarta.com\/wp-content\/uploads\/2025\/04\/ARP03108.webp\" data-elementor-open-lightbox=\"yes\" data-elementor-lightbox-slideshow=\"d4d3b4e\" data-e-action-hash=\"#elementor-action%3Aaction%3Dlightbox%26settings%3DeyJpZCI6NDc1NCwidXJsIjoiaHR0cHM6XC9cL3dlZGRpbmd2YWxsYXJ0YS5jb21cL3dwLWNvbnRlbnRcL3VwbG9hZHNcLzIwMjVcLzA0XC9BUlAwMzEwOC53ZWJwIiwic2xpZGVzaG93IjoiZDRkM2I0ZSJ9\">\n\t\t\t\t\t<div class=\"e-gallery-image elementor-gallery-item__image\" data-thumbnail=\"https:\/\/weddingvallarta.com\/wp-content\/uploads\/2025\/04\/ARP03108.webp\" data-width=\"1920\" data-height=\"1280\" aria-label=\"ARP03108\" role=\"img\" ><\/div>\n\t\t\t\t\t\t\t\t\t\t\t\t\t\t<\/a>\n\t\t\t\t\t<\/div>\n\t\t\t<\/div>\n\t\t\t\t<\/div>\n\t\t\t\t\t<\/div>\n\t\t\t\t<\/div>\n\t\t\t\t<\/div>","protected":false},"excerpt":{"rendered":"<p>Rossal\u00eda &amp; Andr\u00e9s<\/p>","protected":false},"author":1,"featured_media":0,"parent":0,"menu_order":0,"comment_status":"closed","ping_status":"closed","template":"","meta":{"_acf_changed":false,"_joinchat":[],"footnotes":""},"class_list":["post-4775","page","type-page","status-publish","hentry"],"acf":[],"yoast_head":"<!-- This site is optimized with the Yoast SEO plugin v23.8 - https:\/\/yoast.com\/wordpress\/plugins\/seo\/ -->\n<title>Rossal\u00eda y Andr\u00e9s - Wedding Vallarta<\/title>\n<meta name=\"robots\" content=\"index, follow, max-snippet:-1, max-image-preview:large, max-video-preview:-1\" \/>\n<link rel=\"canonical\" href=\"https:\/\/weddingvallarta.com\/es\/rossalia-y-andres\/\" \/>\n<meta property=\"og:locale\" content=\"es_MX\" \/>\n<meta property=\"og:type\" content=\"article\" \/>\n<meta property=\"og:title\" content=\"Rossal\u00eda y Andr\u00e9s - Wedding Vallarta\" \/>\n<meta property=\"og:description\" content=\"Rossal\u00eda &amp; Andr\u00e9s\" \/>\n<meta property=\"og:url\" content=\"https:\/\/weddingvallarta.com\/es\/rossalia-y-andres\/\" \/>\n<meta property=\"og:site_name\" content=\"Wedding Vallarta\" \/>\n<meta property=\"article:modified_time\" content=\"2025-04-25T20:54:06+00:00\" \/>\n<meta name=\"twitter:card\" content=\"summary_large_image\" \/>\n<meta name=\"twitter:label1\" content=\"Tiempo de lectura\" \/>\n\t<meta name=\"twitter:data1\" content=\"1 minuto\" \/>\n<script type=\"application\/ld+json\" class=\"yoast-schema-graph\">{\"@context\":\"https:\/\/schema.org\",\"@graph\":[{\"@type\":\"WebPage\",\"@id\":\"https:\/\/weddingvallarta.com\/rossalia-y-andres\/\",\"url\":\"https:\/\/weddingvallarta.com\/rossalia-y-andres\/\",\"name\":\"Rossal\u00eda y Andr\u00e9s - Wedding Vallarta\",\"isPartOf\":{\"@id\":\"https:\/\/weddingvallarta.com\/#website\"},\"datePublished\":\"2025-04-25T20:51:45+00:00\",\"dateModified\":\"2025-04-25T20:54:06+00:00\",\"breadcrumb\":{\"@id\":\"https:\/\/weddingvallarta.com\/rossalia-y-andres\/#breadcrumb\"},\"inLanguage\":\"es\",\"potentialAction\":[{\"@type\":\"ReadAction\",\"target\":[\"https:\/\/weddingvallarta.com\/rossalia-y-andres\/\"]}]},{\"@type\":\"BreadcrumbList\",\"@id\":\"https:\/\/weddingvallarta.com\/rossalia-y-andres\/#breadcrumb\",\"itemListElement\":[{\"@type\":\"ListItem\",\"position\":1,\"name\":\"Home\",\"item\":\"https:\/\/weddingvallarta.com\/\"},{\"@type\":\"ListItem\",\"position\":2,\"name\":\"Rossal\u00eda y Andr\u00e9s\"}]},{\"@type\":\"WebSite\",\"@id\":\"https:\/\/weddingvallarta.com\/#website\",\"url\":\"https:\/\/weddingvallarta.com\/\",\"name\":\"Wedding Vallarta\",\"description\":\"Real Weddings Captured Candidly\",\"potentialAction\":[{\"@type\":\"SearchAction\",\"target\":{\"@type\":\"EntryPoint\",\"urlTemplate\":\"https:\/\/weddingvallarta.com\/?s={search_term_string}\"},\"query-input\":{\"@type\":\"PropertyValueSpecification\",\"valueRequired\":true,\"valueName\":\"search_term_string\"}}],\"inLanguage\":\"es\"}]}<\/script>\n<!-- \/ Yoast SEO plugin. -->","yoast_head_json":{"title":"Rossal\u00eda y Andr\u00e9s - Wedding Vallarta","robots":{"index":"index","follow":"follow","max-snippet":"max-snippet:-1","max-image-preview":"max-image-preview:large","max-video-preview":"max-video-preview:-1"},"canonical":"https:\/\/weddingvallarta.com\/es\/rossalia-y-andres\/","og_locale":"es_MX","og_type":"article","og_title":"Rossal\u00eda y Andr\u00e9s - Wedding Vallarta","og_description":"Rossal\u00eda &amp; Andr\u00e9s","og_url":"https:\/\/weddingvallarta.com\/es\/rossalia-y-andres\/","og_site_name":"Wedding Vallarta","article_modified_time":"2025-04-25T20:54:06+00:00","twitter_card":"summary_large_image","twitter_misc":{"Tiempo de lectura":"1 minuto"},"schema":{"@context":"https:\/\/schema.org","@graph":[{"@type":"WebPage","@id":"https:\/\/weddingvallarta.com\/rossalia-y-andres\/","url":"https:\/\/weddingvallarta.com\/rossalia-y-andres\/","name":"Rossal\u00eda y Andr\u00e9s - Wedding Vallarta","isPartOf":{"@id":"https:\/\/weddingvallarta.com\/#website"},"datePublished":"2025-04-25T20:51:45+00:00","dateModified":"2025-04-25T20:54:06+00:00","breadcrumb":{"@id":"https:\/\/weddingvallarta.com\/rossalia-y-andres\/#breadcrumb"},"inLanguage":"es","potentialAction":[{"@type":"ReadAction","target":["https:\/\/weddingvallarta.com\/rossalia-y-andres\/"]}]},{"@type":"BreadcrumbList","@id":"https:\/\/weddingvallarta.com\/rossalia-y-andres\/#breadcrumb","itemListElement":[{"@type":"ListItem","position":1,"name":"Home","item":"https:\/\/weddingvallarta.com\/"},{"@type":"ListItem","position":2,"name":"Rossal\u00eda y Andr\u00e9s"}]},{"@type":"WebSite","@id":"https:\/\/weddingvallarta.com\/#website","url":"https:\/\/weddingvallarta.com\/","name":"Wedding Vallarta","description":"Real Weddings Captured Candidly","potentialAction":[{"@type":"SearchAction","target":{"@type":"EntryPoint","urlTemplate":"https:\/\/weddingvallarta.com\/?s={search_term_string}"},"query-input":{"@type":"PropertyValueSpecification","valueRequired":true,"valueName":"search_term_string"}}],"inLanguage":"es"}]}},"_links":{"self":[{"href":"https:\/\/weddingvallarta.com\/es\/wp-json\/wp\/v2\/pages\/4775","targetHints":{"allow":["GET"]}}],"collection":[{"href":"https:\/\/weddingvallarta.com\/es\/wp-json\/wp\/v2\/pages"}],"about":[{"href":"https:\/\/weddingvallarta.com\/es\/wp-json\/wp\/v2\/types\/page"}],"author":[{"embeddable":true,"href":"https:\/\/weddingvallarta.com\/es\/wp-json\/wp\/v2\/users\/1"}],"replies":[{"embeddable":true,"href":"https:\/\/weddingvallarta.com\/es\/wp-json\/wp\/v2\/comments?post=4775"}],"version-history":[{"count":4,"href":"https:\/\/weddingvallarta.com\/es\/wp-json\/wp\/v2\/pages\/4775\/revisions"}],"predecessor-version":[{"id":4779,"href":"https:\/\/weddingvallarta.com\/es\/wp-json\/wp\/v2\/pages\/4775\/revisions\/4779"}],"wp:attachment":[{"href":"https:\/\/weddingvallarta.com\/es\/wp-json\/wp\/v2\/media?parent=4775"}],"curies":[{"name":"wp","href":"https:\/\/api.w.org\/{rel}","templated":true}]}}